{"id":110,"date":"2021-05-19T10:15:03","date_gmt":"2021-05-19T10:15:03","guid":{"rendered":"https:\/\/tosics.eu\/?page_id=110"},"modified":"2026-04-11T18:56:28","modified_gmt":"2026-04-11T18:56:28","slug":"prezentaciok","status":"publish","type":"page","link":"https:\/\/tosics.eu\/en\/prezentaciok\/","title":{"rendered":"Presentations"},"content":{"rendered":"\n<p><strong>For presentations given in Hungarian, please check the Hungarian page <a href=\"https:\/\/tosics.eu\/prezentaciok\/\" title=\"HERE\">HERE<\/a><\/strong><\/p>\n\n\n\n<p>Tosics, I. (2025). How can cities challenge authoritarian central governments? The case of Budapest. Presentation at the 3rd CEE-Loc Conference. Local Government Studies in Central and Eastern Europe. Corvinus University of Budapest \u2013 Gell\u00e9rt Campus 1118 Budapest, M\u00e9nesi \u00fat 5. 25-26 September 20125. <a href=\"https:\/\/tosics.eu\/wp-content\/uploads\/2026\/04\/CEE-Loc-2025-Budapest-Ivan-Tosics-PPT-250925.pdf\" title=\"Download \">Download <\/a>(pdf)<\/p>\n\n\n\n<p>Tosics, I. (2025). Confronting traditional spatial planning with existential challenges \u2018Resilience check\u2019 of metropolitan planning systems. Presentation at the ENHR Grand Paris Conference, 3 July 2025. <a href=\"https:\/\/tosics.eu\/wp-content\/uploads\/2026\/04\/ENHR-2025-Paris-conf-PAPER-Confronting-traditional-planning-ROV-250702.pdf\" title=\"Download \">Download <\/a>(pdf)<\/p>\n\n\n\n<p>Tosics, I. (2025). Alleviating negative social consequences of sustainability policies in urban areas. Presentation at the ENHR Grand Paris Conference, 1 July 2025. <a href=\"https:\/\/tosics.eu\/wp-content\/uploads\/2026\/04\/ENHR-2025-Paris-conf-PAPER-Alleviating-negative-social-cons-ROV-25061.pdf\" title=\"Download \">Download <\/a>(pdf)<\/p>\n\n\n\n<p>Tosics, I. (2024) Presentation on Urban Density at the Paris conference of AESOP, 10 July 2024. <a href=\"https:\/\/tosics.eu\/wp-content\/uploads\/2025\/02\/AESOP-Paris-8-12-July-Ivan-RT-contribution-2407.pdf\" title=\"Download\">Download<\/a> (pdf)<\/p>\n\n\n\n<p>Tosics, I. (2024) Experiences of an urban explorer in New York in April 2024. <a href=\"https:\/\/tosics.eu\/wp-content\/uploads\/2025\/02\/CITIES-after-CORONAVIRUS-Ivan-New-York-New-York-2409.pdf\" title=\"Download\">Download<\/a> (pdf)<\/p>\n\n\n\n<p>Tosics, I. (2024) Housing consequences of sustainability policies on metropolitan level. Presentation at the ENHR conference in Delft in August 2024. <a href=\"https:\/\/tosics.eu\/wp-content\/uploads\/2025\/02\/ENHR-DELFT-CONF-Metropolitan-WG-Tosics-Housing-consequences-of-sustainability-policies-2408.pdf\" title=\"Download\">Download<\/a> (pdf)<\/p>\n\n\n\n<p>Tosics, I. (2024) Metropolitan cooperation: forms and policies. Capacity building workshop for Ukrainian cities. Online, 25 March 2024. <a href=\"https:\/\/tosics.eu\/wp-content\/uploads\/2025\/02\/Ukraine-metropolitan-dimension-as-a-strategic-challenge-for-the-reconstruction-Ivan-2403.pdf\" title=\"Download\">Download<\/a> (pdf)<\/p>\n\n\n\n<p>Tosics, I. (2024) Urban studies and urban research in Budapest \u2013 fighting unfavourable conditions. Urban Agency III \u201cThe Performativity of Urban Studies in Europe\u201d Brussels, 26 September 2024. <a href=\"https:\/\/tosics.eu\/wp-content\/uploads\/2025\/02\/Urban-Agency-III-Brussels-meeting-Ivan-240926.pdf\" title=\"Download\">Download<\/a> (pdf)<\/p>\n\n\n\n<p>Tosics, I. (2024) Sustainable and integrated urban development. Presentation at the Croatian national conference Urban Forum. Zagreb, 1 October 2024. <a href=\"https:\/\/tosics.eu\/wp-content\/uploads\/2025\/02\/Urban-Forum-Croatia-Ivan-Tosics-241001.pdf\" title=\"Download\">Download<\/a> (pdf)<\/p>\n\n\n\n<p>Tosics, I. (2024) The challenges of the post-pandemic recovery in EU: are cities crucial? Bologna, 24 January 2024. <a href=\"https:\/\/tosics.eu\/wp-content\/uploads\/2024\/03\/MILAN-BOLOGNA-Valeria-Post-COVID-recovery-of-urban-areas-Ivan-ROV-2401.pdf\" target=\"_blank\" rel=\"noopener\" title=\"\">Download slides (pdf)<\/a><\/p>\n\n\n\n<p>Tosics, I. (2022) European Metropolitan Areas: Governance Systems, EU Policies and Post-Pandemic Futures. <em>Eurocities Side Event,<\/em> Brussels, 28 November 2022. <a href=\"https:\/\/tosics.eu\/wp-content\/uploads\/2023\/01\/Kiev-mteropolitan-rebuilding-Eurocities-Side-event-28Nov_brussels-Ivan-PPT-2211.pdf\">Download slides (pdf)<\/a><\/p>\n\n\n\n<p>Tosics, I. (2022). Cohesion Policy and Large Urban Areas \u2013 A Controversial Relationship. <em>Third Joint EU Cohesion Policy Conference, <\/em>November 2022. <a href=\"https:\/\/tosics.eu\/wp-content\/uploads\/2023\/01\/EU-Cohesion-Policy-Conference-14-16-Nov-Zagreb-Ivan-Tosics-2210.pdf\" title=\"Download slides (pdf)\">Download slides (pdf)<\/a><\/p>\n\n\n\n<p>Tosics, I. (2022). Transformation of Property in Housing: the Case of Hungary. <em>Transformations of Property in Post-Socialist Eastern Europe.<\/em> Friedrich-Schiller-Universit\u00e4t Jena, 20 October 2022. <a href=\"https:\/\/tosics.eu\/wp-content\/uploads\/2023\/01\/housing-transformation-of-property-in-post-socialist-Europe-20-Oct-Jena-Ivan-Tosics-2210.pdf\" title=\"Download slides (pdf)\">Download slides (pdf)<\/a><\/p>\n\n\n\n<p>Tosics, I. (2022). Valid Reasons vs Hidden Political Agendas Behind the Production of New Social Housing. <em>Social Housing Production \u2013 Economic Foundations of Building and Dwelling.<\/em> IBA Research Lab, Vienna, 12 September 2022. <a href=\"https:\/\/tosics.eu\/wp-content\/uploads\/2023\/01\/Housing-VIENNA-IBA-Research-Lab-New-social-housing-Sept-2209.pdf\" title=\"Download slides (pdf)\">Download slides (pdf)<\/a><\/p>\n\n\n\n<p>Tosics, I. (2022). Urban Development Visions and Changing Housing Markets. <em>ENHR Conference, <\/em>Barcelona, 1 September 2022. <a href=\"https:\/\/tosics.eu\/wp-content\/uploads\/2023\/01\/ENHR-BARCELONA-2022-CONF-PAPER-pres-ROV-ROV-2207.pdf\" title=\"Download slides (pdf)\">Download slides (pdf)<\/a><\/p>\n\n\n\n<p>Buckley, R. \u2013 Struyk, R. \u2013 Tosics, I. (2022). A Unique Example of Research Cooperation, Transfer and Adaptation of Knowledge: Introducing Housing Allowances in Hungary. <em>UAA\u201950 Conference, <\/em>Washington, DC. 14 April 2022. <a href=\"https:\/\/tosics.eu\/wp-content\/uploads\/2023\/01\/UAA-2022-Conference-Washington-Colloquy-joint-presentation-220414.pdf\" title=\"Download slides (pdf)\">Download slides (pdf)<\/a><\/p>\n\n\n\n<p>Tosics, I. (2022). A personal view on EU policies. <em>Tesserae Talk,<\/em> 25 January 2022. <a href=\"https:\/\/tosics.eu\/wp-content\/uploads\/2023\/01\/Personal-view-on-EU-policies-220125.pdf\" title=\"Download slides (pdf)\">Download slides (pdf)<\/a><\/p>\n\n\n\n<p>Tosics, I. (2017). The Metropolitan Challenge in Europe. <em>Smart Metropolia 2017. Przestrzenije relacji. Obszar Metropolitalny. Gdansk Gdynia Sopot. Wdrazanie Agendy Miejskiej Unii Europejskiej.<\/em> <a href=\"http:\/\/www.metropoliagdansk.pl\/metropolitalne-wiadomosci\/publikacja-podsumowujaca-kongres-smart-metropolia\/\" target=\"_blank\" rel=\"noreferrer noopener\">Download slides (pdf)<\/a><\/p>\n\n\n\n<p><\/p>\n","protected":false},"excerpt":{"rendered":"<p>For presentations given in Hungarian, please check the Hungarian page HERE Tosics, I. (2025). How can cities challenge authoritarian central governments? The case of Budapest. Presentation at the 3rd CEE-Loc Conference. Local Government Studies in Central and Eastern Europe. Corvinus University of Budapest \u2013 Gell\u00e9rt Campus 1118 Budapest, M\u00e9nesi \u00fat 5. 25-26 September 20125. Download &#8230; <a title=\"Presentations\" class=\"read-more\" href=\"https:\/\/tosics.eu\/en\/prezentaciok\/\" aria-label=\"Read more about Presentations\">Read more<\/a><\/p>\n","protected":false},"author":1,"featured_media":0,"parent":0,"menu_order":0,"comment_status":"closed","ping_status":"closed","template":"","meta":{"_monsterinsights_skip_tracking":false,"_monsterinsights_sitenote_active":false,"_monsterinsights_sitenote_note":"","_monsterinsights_sitenote_category":0,"footnotes":""},"class_list":["post-110","page","type-page","status-publish"],"translation":{"provider":"WPGlobus","version":"3.0.2","language":"en","enabled_languages":["hu","en"],"languages":{"hu":{"title":true,"content":true,"excerpt":false},"en":{"title":true,"content":true,"excerpt":false}}},"aioseo_notices":[],"_links":{"self":[{"href":"https:\/\/tosics.eu\/en\/wp-json\/wp\/v2\/pages\/110","targetHints":{"allow":["GET"]}}],"collection":[{"href":"https:\/\/tosics.eu\/en\/wp-json\/wp\/v2\/pages"}],"about":[{"href":"https:\/\/tosics.eu\/en\/wp-json\/wp\/v2\/types\/page"}],"author":[{"embeddable":true,"href":"https:\/\/tosics.eu\/en\/wp-json\/wp\/v2\/users\/1"}],"replies":[{"embeddable":true,"href":"https:\/\/tosics.eu\/en\/wp-json\/wp\/v2\/comments?post=110"}],"version-history":[{"count":16,"href":"https:\/\/tosics.eu\/en\/wp-json\/wp\/v2\/pages\/110\/revisions"}],"predecessor-version":[{"id":760,"href":"https:\/\/tosics.eu\/en\/wp-json\/wp\/v2\/pages\/110\/revisions\/760"}],"wp:attachment":[{"href":"https:\/\/tosics.eu\/en\/wp-json\/wp\/v2\/media?parent=110"}],"curies":[{"name":"wp","href":"https:\/\/api.w.org\/{rel}","templated":true}]}}