{"id":338,"date":"2022-12-08T21:12:41","date_gmt":"2022-12-08T21:12:41","guid":{"rendered":"https:\/\/tosics.eu\/?page_id=338"},"modified":"2025-02-01T21:43:17","modified_gmt":"2025-02-01T21:43:17","slug":"videok-es-podcastok","status":"publish","type":"page","link":"https:\/\/tosics.eu\/en\/videok-es-podcastok\/","title":{"rendered":"Videos and podcasts"},"content":{"rendered":"\n<p><strong><mark style=\"background-color:var(--base-3)\" class=\"has-inline-color has-contrast-color\">VIDEOS AND PODCASTS IN ENGLISH<\/mark><\/strong><\/p>\n\n\n\n<p><strong>The challenges of the post-pandemic recovery in EU: are cities crucial?<\/strong> Keynote Presentation at the urban@it National Center for Urban Policy Studies conference January 26, 2024, Enzo Biagi Auditorium, Bologna. Presentation and debate, 2 hours 20 min. <\/p>\n\n\n\n<figure class=\"wp-block-embed is-type-video is-provider-youtube wp-block-embed-youtube wp-embed-aspect-16-9 wp-has-aspect-ratio\"><div class=\"wp-block-embed__wrapper\">\n<iframe loading=\"lazy\" title=\"Lecture con Ivan Tosic\" width=\"1200\" height=\"675\" src=\"https:\/\/www.youtube.com\/embed\/Ce4BFRhWO3U?feature=oembed\" frameborder=\"0\" allow=\"accelerometer; autoplay; clipboard-write; encrypted-media; gyroscope; picture-in-picture; web-share\" referrerpolicy=\"strict-origin-when-cross-origin\" allowfullscreen><\/iframe>\n<\/div><\/figure>\n\n\n\n<p class=\"has-text-align-center\">***<\/p>\n\n\n\n<p><strong>Sustainable and affordable housing for all? Insights on socially just decarbonization of buildings. <\/strong>Daring Cities 2023 webinars. 21 September 2023. 1 hour video, one of the panellists.<\/p>\n\n\n\n<figure class=\"wp-block-embed is-type-video is-provider-youtube wp-block-embed-youtube wp-embed-aspect-16-9 wp-has-aspect-ratio\"><div class=\"wp-block-embed__wrapper\">\n<iframe loading=\"lazy\" title=\"Sustainable and affordable housing for all? Insights on socially just decarbonization of buildings\" width=\"1200\" height=\"675\" src=\"https:\/\/www.youtube.com\/embed\/FAIeKTQ5Z3k?feature=oembed\" frameborder=\"0\" allow=\"accelerometer; autoplay; clipboard-write; encrypted-media; gyroscope; picture-in-picture; web-share\" referrerpolicy=\"strict-origin-when-cross-origin\" allowfullscreen><\/iframe>\n<\/div><\/figure>\n\n\n\n<p class=\"has-text-align-center\">***<\/p>\n\n\n\n<p><strong>Cohesion Policy and Large Urban Areas<\/strong> \u2013 A Controversial Relationship. Presentation at Third Joint EU Cohesion Policy Conference, held 14-16 November 2022 in Zagreb<\/p>\n\n\n\n<figure class=\"wp-block-embed is-type-video is-provider-youtube wp-block-embed-youtube wp-embed-aspect-16-9 wp-has-aspect-ratio\"><div class=\"wp-block-embed__wrapper\">\n<iframe loading=\"lazy\" title=\"An Instrument for Economic Growth and Cohesion\" width=\"1200\" height=\"675\" src=\"https:\/\/www.youtube.com\/embed\/X3rWdeRlCv4?start=3125&#038;feature=oembed\" frameborder=\"0\" allow=\"accelerometer; autoplay; clipboard-write; encrypted-media; gyroscope; picture-in-picture; web-share\" referrerpolicy=\"strict-origin-when-cross-origin\" allowfullscreen><\/iframe>\n<\/div><\/figure>\n\n\n\n<p class=\"has-text-align-center\">***<\/p>\n\n\n\n<p><strong>Housing financialization <\/strong>European Network for Housing Research (ENHR) annual conference, Barcelona, 31 August 2022. Plenary 1. on Housing financialization, <strong>moderated by Iv\u00e1n Tosics<\/strong><\/p>\n\n\n\n<figure class=\"wp-block-embed is-type-video is-provider-youtube wp-block-embed-youtube wp-embed-aspect-16-9 wp-has-aspect-ratio\"><div class=\"wp-block-embed__wrapper\">\n<iframe loading=\"lazy\" title=\"Sessi\u00f3 1: L&#039;habitatge sota l&#039;imperi de les finances en ciutats globals\" width=\"1200\" height=\"675\" src=\"https:\/\/www.youtube.com\/embed\/LXV62pihvK4?feature=oembed\" frameborder=\"0\" allow=\"accelerometer; autoplay; clipboard-write; encrypted-media; gyroscope; picture-in-picture; web-share\" referrerpolicy=\"strict-origin-when-cross-origin\" allowfullscreen><\/iframe>\n<\/div><\/figure>\n\n\n\n<p class=\"has-text-align-center\">***<\/p>\n\n\n\n<p><strong>Tesserae Dialogues #2 Iv\u00e1n Tosics <a href=\"http:\/\/www.tesserae.eu\/tesserae-dialogues-2-ivan-tosics\/\" data-type=\"URL\" data-id=\"http:\/\/www.tesserae.eu\/tesserae-dialogues-2-ivan-tosics\/\">A personal view on EU policies Online, 25 January 2022<\/a> <\/strong><\/p>\n\n\n\n<figure class=\"wp-block-embed is-type-video is-provider-vimeo wp-block-embed-vimeo wp-embed-aspect-16-9 wp-has-aspect-ratio\"><div class=\"wp-block-embed__wrapper\">\n<iframe loading=\"lazy\" title=\"Dialogue#2 - Tosics Iv\u00e1n\" src=\"https:\/\/player.vimeo.com\/video\/672319789?dnt=1&amp;app_id=122963\" width=\"1200\" height=\"675\" frameborder=\"0\" allow=\"autoplay; fullscreen; picture-in-picture; clipboard-write; encrypted-media\"><\/iframe>\n<\/div><\/figure>\n\n\n\n<p class=\"has-text-align-center\">***<\/p>\n\n\n\n<p><strong>Metrolab, Vienna 8 November 2021 (lecture between 1h23 \u2013 1h56 and later in the debate) <\/strong><\/p>\n\n\n\n<figure class=\"wp-block-embed is-type-video is-provider-vimeo wp-block-embed-vimeo\"><div class=\"wp-block-embed__wrapper\">\n<iframe loading=\"lazy\" title=\"MetroLab Forum #4 PROGRAM - International Lectures + Forum Discussion\" src=\"https:\/\/player.vimeo.com\/video\/648052484?dnt=1&amp;app_id=122963\" width=\"1200\" height=\"675\" frameborder=\"0\" allow=\"autoplay; fullscreen; picture-in-picture; clipboard-write; encrypted-media\"><\/iframe>\n<\/div><\/figure>\n\n\n\n<p class=\"has-text-align-center\">***<\/p>\n\n\n\n<p><strong>An Interesting Battlefield: Planning For The Recovery in the EU. <\/strong>Presentation given in an URBACT meeting, 17 November 2020. <\/p>\n\n\n\n<p>Watch on GDrive: <a href=\"https:\/\/drive.google.com\/file\/d\/1BS3Q3_Fkriuzq8moYGngr6npPJcYdcSc\/view\">https:\/\/drive.google.com\/file\/d\/1BS3Q3_Fkriuzq8moYGngr6npPJcYdcSc\/view<\/a><\/p>\n\n\n\n<p class=\"has-text-align-center\">***<\/p>\n\n\n\n<p><strong>From the financialization of the city to planning for efficient housing<\/strong>. Manuel Aalbers and Iv\u00e1n Tosics. Hosted by Instituto de Ci\u00eancias Sociais da Universidade de Lisboa 30 October 2019<\/p>\n\n\n\n<figure class=\"wp-block-embed is-type-video is-provider-youtube wp-block-embed-youtube wp-embed-aspect-16-9 wp-has-aspect-ratio\"><div class=\"wp-block-embed__wrapper\">\n<iframe loading=\"lazy\" title=\"AESOP - Lecture Series 15, 2019 - University of Lisbon\" width=\"1200\" height=\"675\" src=\"https:\/\/www.youtube.com\/embed\/2yIwgdoyPeU?start=6&#038;feature=oembed\" frameborder=\"0\" allow=\"accelerometer; autoplay; clipboard-write; encrypted-media; gyroscope; picture-in-picture; web-share\" referrerpolicy=\"strict-origin-when-cross-origin\" allowfullscreen><\/iframe>\n<\/div><figcaption class=\"wp-element-caption\"><em>The 15th Lecture Series took place at the Institute of Social Sciences of the University of Lisbon, Portugal and featured two talks by Manuel Aalbers and Iv\u00e1n Tosics. In the first talk, Manuel Aalbers argued that a new form of urban development is emerging in which processes of financialization play a key role, and focus on the implications for the emerging, global housing crises. In the second talk, Iv\u00e1n Tosics reflected on how planning can contribute to efficient and inclusive housing, and the role of the various actors at stake.<\/em><\/figcaption><\/figure>\n\n\n\n<p class=\"has-text-align-center\">***<\/p>\n\n\n\n<p><strong>Interview at the EWRC\u20192018 in Brussels<\/strong> on 4. October 2018 after \u201cRemaking the City: discover our new digital tool!\u201d presentation Live demonstration of a website helping the public sector discover innovative practices to find new ways of using space in cities.<\/p>\n\n\n\n<p>Watch on Facebook: <a href=\"https:\/\/www.facebook.com\/URBACT\/videos\/vb.285982871059\/1931041413857197\/?type=2&amp;theater\">https:\/\/www.facebook.com\/URBACT\/videos\/vb.285982871059\/1931041413857197\/?type=2&amp;theater<\/a><\/p>\n\n\n\n<p class=\"has-text-align-center\">***<\/p>\n\n\n\n<p><strong>The meaning and possibilities of urban development in the fringe.<\/strong> Recording from Ivan Tosics at Pakhuis De Zwijger in Amsterdam on May 26, 2016 <\/p>\n\n\n\n<figure class=\"wp-block-embed is-type-video is-provider-youtube wp-block-embed-youtube wp-embed-aspect-16-9 wp-has-aspect-ratio\"><div class=\"wp-block-embed__wrapper\">\n<iframe loading=\"lazy\" title=\"Sustainable solutions for the urban fringe\" width=\"1200\" height=\"675\" src=\"https:\/\/www.youtube.com\/embed\/Bzs1XL-FHKs?feature=oembed\" frameborder=\"0\" allow=\"accelerometer; autoplay; clipboard-write; encrypted-media; gyroscope; picture-in-picture; web-share\" referrerpolicy=\"strict-origin-when-cross-origin\" allowfullscreen><\/iframe>\n<\/div><figcaption class=\"wp-element-caption\"><em>In the lecture series Ivan Tosics talks about. Nine European cities &#8211; Antwerp, Brno, Baia Mare, Barcelona M.A., D\u00fcsseldorf, Casoria, Solin, Oslo and Vienna &#8211; work together on the topic sub.urban. Reinventing the fringe.<\/em><\/figcaption><\/figure>\n\n\n\n<p class=\"has-text-align-center\">***<\/p>\n\n\n\n<p><strong>Keynote presentation at the&nbsp;<a rel=\"noreferrer noopener\" href=\"http:\/\/slideslive.com\/aesop\/aesop-2015\" target=\"_blank\">AESOP 2015<\/a> congress in Prague<\/strong>. <a rel=\"noreferrer noopener\" href=\"http:\/\/slideslive.com\/38894168\/25-years-after-the-development-path-of-the-east-of-europe\" target=\"_blank\">25 years after: The Development Path of the &#8220;East&#8221; of Europe<\/a><\/p>\n\n\n\n<p>Watch on SlidesLive: <a href=\"https:\/\/slideslive.com\/38894168\/25-years-after-the-development-path-of-the-east-of-europe\">https:\/\/slideslive.com\/38894168\/25-years-after-the-development-path-of-the-east-of-europe<\/a><\/p>\n\n\n\n<p class=\"has-text-align-center\">***<\/p>\n\n\n\n<p><strong>Urban regeneration after the crisis: to what extent can innovation replace public money?<\/strong> Presentation at the conference: Innovation, creativity and culture: outline of a new socio-economic post-crisis model for cities and regions. December 10-11, 2015, Barcelona.<\/p>\n\n\n\n<figure class=\"wp-block-video\"><video controls src=\"http:\/\/nws.nice264.com\/vod\/ubtv\/SS_16_9_540p_1000_MP32_ch\/9ee8cd3e815abdc20436.mp4\"><\/video><figcaption class=\"wp-element-caption\"><em>Faculty of Economics and Business. University of Barcelona. Organization: University of Barcelona (Montserrat Pareja-Eastaway), University of Valencia (Pau Rausell) and University of Lleida (Joan Ganau)<\/em><\/figcaption><\/figure>\n\n\n\n<p class=\"has-text-align-center\">***<\/p>\n\n\n\n<p><strong>Conference presentation in the 2013 European Network of Housing Research (ENHR) conference<\/strong>, held in Tarragona<\/p>\n\n\n\n<figure class=\"wp-block-embed is-type-video is-provider-youtube wp-block-embed-youtube wp-embed-aspect-16-9 wp-has-aspect-ratio\"><div class=\"wp-block-embed__wrapper\">\n<iframe loading=\"lazy\" title=\"Dr. Iv\u00e1n Tosics, Managing Director, Metropolitan Research Institute, Budapest, Hungary, ENHR2013\" width=\"1200\" height=\"675\" src=\"https:\/\/www.youtube.com\/embed\/YGuXp_LF6Ms?feature=oembed\" frameborder=\"0\" allow=\"accelerometer; autoplay; clipboard-write; encrypted-media; gyroscope; picture-in-picture; web-share\" referrerpolicy=\"strict-origin-when-cross-origin\" allowfullscreen><\/iframe>\n<\/div><\/figure>\n\n\n\n<p class=\"has-text-align-center\">***<\/p>\n\n\n\n<p><strong><mark style=\"background-color:var(--base-3);color:#000000\" class=\"has-inline-color\">VIDEOS AND PODCASTS IN HUNGARIAN<\/mark><mark style=\"background-color:var(--base-3);color:#000000\" class=\"has-inline-color\"><\/mark><\/strong><\/p>\n\n\n\n<p><strong>PODCAST: Klubr\u00e1di\u00f3, <a href=\"https:\/\/www.klubradio.hu\/archivum\/reggeli-gyorsreggeli-szemely-2021-oktober-14-csutortok-0900-20523\" data-type=\"URL\" data-id=\"https:\/\/www.klubradio.hu\/archivum\/reggeli-gyorsreggeli-szemely-2021-oktober-14-csutortok-0900-20523\">Budapest elm\u00falt k\u00e9t \u00e9v\u00e9r\u0151l, 2021-10-14<\/a>  <\/strong><\/p>\n\n\n\n<figure class=\"wp-block-audio\"><audio controls src=\"https:\/\/www.klubradio.hu\/data\/hanganyagok\/2021\/10\/14\/archivum_reggeliszemely_211014.mp3\"><\/audio><figcaption class=\"wp-element-caption\"><em>Tosics Iv\u00e1n v\u00e1rosszociol\u00f3gus \u2013 K\u00e9t \u00e9ve Kar\u00e1csony Gergely a f\u0151polg\u00e1rmester, mi t\u00f6rt\u00e9nt Budapesttel ennyi id\u0151 alatt? Minek kellett volna t\u00f6rt\u00e9nnie?<\/em><\/figcaption><\/figure>\n\n\n\n<p class=\"has-text-align-center\">***<\/p>\n\n\n\n<p><strong>PODCAST: Klubr\u00e1di\u00f3, <a href=\"https:\/\/www.klubradio.hu\/adasok\/tosics-felfoghatatlan-hogy-megengedtek-a-budai-felhokarcolot-117875?fbclid=IwAR392Pg6bP23XAOV7ZMeYgY59a6K0kpR9PzmMOxL9IuQkzXDCg_SuIT1U-U\" data-type=\"URL\" data-id=\"https:\/\/www.klubradio.hu\/adasok\/tosics-felfoghatatlan-hogy-megengedtek-a-budai-felhokarcolot-117875?fbclid=IwAR392Pg6bP23XAOV7ZMeYgY59a6K0kpR9PzmMOxL9IuQkzXDCg_SuIT1U-U\">Reggeli szem\u00e9ly, 2021-05-11<\/a> <\/strong><\/p>\n\n\n\n<figure class=\"wp-block-audio\"><audio controls src=\"https:\/\/www.klubradio.hu\/data\/hanganyagok\/2021\/5\/12\/archivum_reggeliszemely_210512.mp3\"><\/audio><figcaption class=\"wp-element-caption\"><em>120 m\u00e9ter magas az \u00faj MOL-torony , mely Budapest sziluettj\u00e9t megv\u00e1ltoztatta, a vil\u00e1g\u00f6r\u00f6ks\u00e9gi helysz\u00ednekr\u0151l is l\u00e1tszik, nemcsak Budapesten. A 2021. m\u00e1jus 12-i Reggeli szem\u00e9lyben P\u00e1link\u00e1s-Sz\u00fcts R\u00f3bert vend\u00e9g\u00e9t, Tosics Iv\u00e1n, v\u00e1roskutat\u00f3-szociol\u00f3gust, a V\u00e1roskutat\u00e1s Kft. \u00fcgyvezet\u0151 igazgat\u00f3j\u00e1t arr\u00f3l faggatta, hogyan alakul \u00e1t Budapest k\u00e9pe, \u00e9s mi lesz, ha t\u00e9nyleg teljesen kiv\u00e9reztetik a f\u0151v\u00e1rost.<\/em><\/figcaption><\/figure>\n\n\n\n<p class=\"has-text-align-center\">***<\/p>\n\n\n\n<p><strong>PODCAST: Civil r\u00e1di\u00f3, <a href=\"https:\/\/anchor.fm\/117-perc\/episodes\/REZILIENS-VROSOK---a-rendszer-azon-kpessge--hogy-kpes-elnyelni-a-zavarokat--megrizve-az-alapvet-funkcikat-s-struktrkat-eflk8f\" data-type=\"URL\" data-id=\"https:\/\/anchor.fm\/117-perc\/episodes\/REZILIENS-VROSOK---a-rendszer-azon-kpessge--hogy-kpes-elnyelni-a-zavarokat--megrizve-az-alapvet-funkcikat-s-struktrkat-eflk8f\">Reziliens v\u00e1rosok, 2020-06-17<\/a> <\/strong><\/p>\n\n\n\n<figure class=\"wp-block-embed is-type-wp-embed is-provider-beagyazas wp-block-embed-beagyazas\"><div class=\"wp-block-embed__wrapper\">\nhttps:\/\/radiopublic.com\/117-perc-civilradionet-We40DZ\/s1!28344\n<\/div><\/figure>\n\n\n\n<p><em>A v\u00e1rosi reziliencia azok rugalmass\u00e1gg\u00e1t jelenti, amelynek seg\u00edts\u00e9g\u00e9vel kialakul a v\u00e1roslak\u00f3k, a k\u00f6z\u00f6ss\u00e9gek, az int\u00e9zm\u00e9nyek \u00e9s a rendszerek kapacit\u00e1sa a t\u00fal\u00e9l\u00e9sre, alkalmazkod\u00e1sra a sokkhelyzetek \u00e1t\u00e9l\u00e9se ut\u00e1n is. A BUDAPEST K\u00d6R eddigi \u00f6t tal\u00e1lkoz\u00f3j\u00e1n egyr\u00e9szt ennek a fogalomnak a kibont\u00e1s\u00e1val foglalkoztak, majd a Budapesttel kapcsolatos r\u00f6vid- \u00e9s k\u00f6z\u00e9pt\u00e1v\u00fa kih\u00edv\u00e1sokkal, a t\u00e1rsadalom, a k\u00f6rnyezet, a gazdas\u00e1g \u00e9s a k\u00f6zleked\u00e9si rendszer vonatkoz\u00e1s\u00e1ban. Legut\u00f3bb a f\u0151v\u00e1ros metropolisz t\u00e9rs\u00e9g\u00e9nek \u00e9s a k\u00f6z\u00f6ss\u00e9gi k\u00f6zleked\u00e9snek a fejleszt\u00e9se volt az el\u0151ad\u00e1sok \u00e9s p\u00e1rbesz\u00e9dek t\u00e9m\u00e1ja. Ezt mutatta be Tosics Iv\u00e1n a Budapest K\u00f6r vezet\u0151je a Civil R\u00e1di\u00f3ban P\u00e9terfi Ferenccel besz\u00e9lgetve.<\/em><\/p>\n\n\n\n<p class=\"has-text-align-center\">***<\/p>\n\n\n\n<p><strong>PODCAST: Tilos r\u00e1di\u00f3, <a href=\"https:\/\/tilos.hu\/episode\/utcaradio\/2018\/07\/27\" data-type=\"URL\" data-id=\"https:\/\/tilos.hu\/episode\/utcaradio\/2018\/07\/27\">Utcar\u00e1di\u00f3, 2018-07-27<\/a><\/strong><\/p>\n\n\n\n<figure class=\"wp-block-audio\"><audio controls src=\"https:\/\/archive.tilos.hu\/mp3\/tilos-20180727-160340-180300.mp3\"><\/audio><figcaption class=\"wp-element-caption\"><em>Mai vend\u00e9geink otthon vannak Budapesten \u00e9s tud\u00f3s szempontokb\u00f3l n\u00e9zik a v\u00e1rost \u00e9s a probl\u00e9m\u00e1kat. N\u00e9ha. Mindig? A Budapest K\u00f6r a bulinegyed t\u00e9m\u00e1j\u00e1ban a Szimplakert vend\u00e9ge volt: a t\u00f6bb szerepl\u0151s este a megold\u00e1sok \u00e9s a m\u00e1sutt tapasztalhat\u00f3 mint\u00e1k \u00f6sszevet\u00e9s\u00e9re t\u00f6rekedett. Mi a tapasztalat a turisztikai szezon k\u00f6zep\u00e9n? Tosics Iv\u00e1n szociol\u00f3gus, v\u00e1roskutat\u00f3 (V\u00e1roskutat\u00e1s Kft) \u00e9s Kr\u00e9mer Andr\u00e1s szociol\u00f3gus, az alternat\u00edv vitarendez\u00e9s szak\u00e9r\u0151je (Budapesti Metropolitan Egyetem).<br>D\u00fall Andrea (ELTE PPK pszichol\u00f3gia), a k\u00f6zelm\u00faltban v\u00e9dte meg doktori \u00e9rtekez\u00e9s\u00e9t \u00c9p\u00edt\u00e9szet \u00e9s k\u00f6rnyezetpszichol\u00f3gia c\u00edmmel. Hol \u00e9l\u00fcnk? V\u00e1r, Kossuth t\u00e9r, terek, szobrok, h\u0171lt helyek \u00e9s k\u00f6z\u00e9rzetek.<\/em><\/figcaption><\/figure>\n\n\n\n<p class=\"has-text-align-center\">***<\/p>\n\n\n\n<p><strong>PODCAST: Civil r\u00e1di\u00f3, <a href=\"https:\/\/kronika.civilradio.hu\/uj-esely\/\">Demokr\u00e1cia MOST! 2019-01-22<\/a><a rel=\"noreferrer noopener\" href=\"https:\/\/kronika.civilradio.hu\/uj-esely\/\" target=\"_blank\"> <\/a><\/strong><\/p>\n\n\n\n<figure class=\"wp-block-audio\"><audio controls src=\"https:\/\/kronika.civilradio.hu\/wp-content\/uploads\/2019\/01\/0116_1900_demokraciamost.mp3\"><\/audio><figcaption class=\"wp-element-caption\"><em>Akt\u00edv \u00e1llampolg\u00e1ri mozgalmak nagyv\u00e1rosokban: azok ir\u00e1ny\u00edt\u00e1s\u00e1ra, m\u0171k\u00f6dtet\u00e9s\u00e9re. Milyen k\u00fclf\u00f6ldi p\u00e9ld\u00e1kat ismer\u00fcnk, amelyek a politikai p\u00e1rtokban val\u00f3 csal\u00f3dotts\u00e1got k\u00f6vet\u0151en alkalmasak lettek a civil t\u00e1rsadalom felr\u00e1z\u00e1s\u00e1ra, a k\u00f6zvetlen r\u00e9szv\u00e9tel megteremt\u00e9s\u00e9re? Ha nem m\u0171k\u00f6dnek a megl\u00e9v\u0151 strukt\u00far\u00e1k fel\u00fcl\u00edrhat\u00f3ak, kicser\u00e9lhet\u0151ek, meghaladhat\u00f3ak-e?&nbsp;A municipalizmus, egy alulr\u00f3l \u00e9p\u00edtkez\u0151 v\u00e1rosir\u00e1ny\u00edt\u00e1si rendszer, hogyan k\u00edn\u00e1l keretet Barcelona \u00e9s m\u00e1s nagyv\u00e1rosok \u00fajraszervez\u0151d\u00e9s\u00e9re, amelyekben a helyi polg\u00e1roknak igazi akt\u00edv szerep juthat? A t\u00e1rsadalom perif\u00e9ri\u00e1j\u00e1n \u00e9l\u0151k, az \u00e9rdek\u00e9rv\u00e9nyes\u00edt\u00e9sben eszk\u00f6ztelenebbek: a szeg\u00e9nyek, a hajl\u00e9ktalanok alak\u00edt\u00f3 szerepl\u0151iv\u00e9 v\u00e1lhatnak-e egy m\u00e1sf\u00e9le v\u00e1rospolitik\u00e1nak? Ezekr\u0151l&nbsp;a k\u00e9rd\u00e9sekr\u0151l besz\u00e9lgett\u00fcnk a Demokr\u00e1cia MOST! m\u0171sor\u00e1ban Tosics Iv\u00e1n szociol\u00f3gus \u2013 v\u00e1roskutat\u00f3val \u00e9s Poly\u00e1k Levente urbanist\u00e1val. M\u0171sorvezet\u0151: P\u00e9terfi Ferenc \u00e9s Sain M\u00e1ty\u00e1s.<\/em><\/figcaption><\/figure>\n\n\n\n<p class=\"has-text-align-center\">***<\/p>\n\n\n\n<p><strong>VIDE\u00d3: FUGA Mikrokozmosz 88, 2020-08-20 <\/strong><\/p>\n\n\n\n<figure class=\"wp-block-embed is-type-video is-provider-youtube wp-block-embed-youtube wp-embed-aspect-16-9 wp-has-aspect-ratio\"><div class=\"wp-block-embed__wrapper\">\n<iframe loading=\"lazy\" title=\"FUGA mikrokozmosz 088: Tosics Iv\u00e1n\" width=\"1200\" height=\"675\" src=\"https:\/\/www.youtube.com\/embed\/oH3vDqBbnv4?feature=oembed\" frameborder=\"0\" allow=\"accelerometer; autoplay; clipboard-write; encrypted-media; gyroscope; picture-in-picture; web-share\" referrerpolicy=\"strict-origin-when-cross-origin\" allowfullscreen><\/iframe>\n<\/div><\/figure>\n\n\n\n<p class=\"has-text-align-center\">***<\/p>\n\n\n\n<p><strong>VIDE\u00d3: Politikat\u00f6rt\u00e9neti Int\u00e9zet Alap\u00edtv\u00e1ny &#8211; A 70 \u00e9ves Nagy-Budapest aktualit\u00e1sa, 2020-02-26<\/strong><\/p>\n\n\n\n<figure class=\"wp-block-embed is-type-video is-provider-youtube wp-block-embed-youtube wp-embed-aspect-16-9 wp-has-aspect-ratio\"><div class=\"wp-block-embed__wrapper\">\n<iframe loading=\"lazy\" title=\"A 70 \u00e9ves Nagy-Budapest aktualit\u00e1sa - Budapest \u00e9s v\u00e1rosi t\u00e9rs\u00e9g\u00e9nek kapcsolata r\u00e9gen \u00e9s ma\" width=\"1200\" height=\"675\" src=\"https:\/\/www.youtube.com\/embed\/K2yJ1aXjxrg?feature=oembed\" frameborder=\"0\" allow=\"accelerometer; autoplay; clipboard-write; encrypted-media; gyroscope; picture-in-picture; web-share\" referrerpolicy=\"strict-origin-when-cross-origin\" allowfullscreen><\/iframe>\n<\/div><\/figure>\n\n\n\n<p class=\"has-text-align-center\">***<\/p>\n\n\n\n<p><strong>VIDE\u00d3: B\u00e9rlak\u00e1sok mag\u00e1nk\u00e9zben &#8211; ATV, 2015-01-21<\/strong><\/p>\n\n\n\n<figure class=\"wp-block-embed is-type-video is-provider-youtube wp-block-embed-youtube wp-embed-aspect-16-9 wp-has-aspect-ratio\"><div class=\"wp-block-embed__wrapper\">\n<iframe loading=\"lazy\" title=\"B\u00e9rlak\u00e1sok mag\u00e1nk\u00e9zben\" width=\"1200\" height=\"675\" src=\"https:\/\/www.youtube.com\/embed\/1BRsxHWnhIc?feature=oembed\" frameborder=\"0\" allow=\"accelerometer; autoplay; clipboard-write; encrypted-media; gyroscope; picture-in-picture; web-share\" referrerpolicy=\"strict-origin-when-cross-origin\" allowfullscreen><\/iframe>\n<\/div><\/figure>\n\n\n\n<p class=\"has-text-align-center\">*** *** ***<\/p>\n","protected":false},"excerpt":{"rendered":"<p>VIDEOS AND PODCASTS IN ENGLISH The challenges of the post-pandemic recovery in EU: are cities crucial? Keynote Presentation at the urban@it National Center for Urban Policy Studies conference January 26, 2024, Enzo Biagi Auditorium, Bologna. Presentation and debate, 2 hours 20 min. *** Sustainable and affordable housing for all? Insights on socially just decarbonization of &#8230; <a title=\"Videos and podcasts\" class=\"read-more\" href=\"https:\/\/tosics.eu\/en\/videok-es-podcastok\/\" aria-label=\"Read more about Videos and podcasts\">Read more<\/a><\/p>\n","protected":false},"author":3,"featured_media":0,"parent":0,"menu_order":0,"comment_status":"closed","ping_status":"closed","template":"","meta":{"_monsterinsights_skip_tracking":false,"_monsterinsights_sitenote_active":false,"_monsterinsights_sitenote_note":"","_monsterinsights_sitenote_category":0,"footnotes":""},"class_list":["post-338","page","type-page","status-publish"],"translation":{"provider":"WPGlobus","version":"3.0.2","language":"en","enabled_languages":["hu","en"],"languages":{"hu":{"title":true,"content":true,"excerpt":false},"en":{"title":true,"content":true,"excerpt":false}}},"aioseo_notices":[],"_links":{"self":[{"href":"https:\/\/tosics.eu\/en\/wp-json\/wp\/v2\/pages\/338","targetHints":{"allow":["GET"]}}],"collection":[{"href":"https:\/\/tosics.eu\/en\/wp-json\/wp\/v2\/pages"}],"about":[{"href":"https:\/\/tosics.eu\/en\/wp-json\/wp\/v2\/types\/page"}],"author":[{"embeddable":true,"href":"https:\/\/tosics.eu\/en\/wp-json\/wp\/v2\/users\/3"}],"replies":[{"embeddable":true,"href":"https:\/\/tosics.eu\/en\/wp-json\/wp\/v2\/comments?post=338"}],"version-history":[{"count":33,"href":"https:\/\/tosics.eu\/en\/wp-json\/wp\/v2\/pages\/338\/revisions"}],"predecessor-version":[{"id":734,"href":"https:\/\/tosics.eu\/en\/wp-json\/wp\/v2\/pages\/338\/revisions\/734"}],"wp:attachment":[{"href":"https:\/\/tosics.eu\/en\/wp-json\/wp\/v2\/media?parent=338"}],"curies":[{"name":"wp","href":"https:\/\/api.w.org\/{rel}","templated":true}]}}